{"id":231,"date":"2014-11-05T14:13:25","date_gmt":"2014-11-05T14:13:25","guid":{"rendered":"http:\/\/camargue-vtc-premium.com\/en\/home\/"},"modified":"2024-04-26T20:05:26","modified_gmt":"2024-04-26T19:05:26","slug":"home","status":"publish","type":"page","link":"https:\/\/camargue-vtc-premium.com\/en\/","title":{"rendered":"Accueil"},"content":{"rendered":"<p><img width=\"320\" height=\"240\" src=\"https:\/\/camargue-vtc-premium.com\/wp-content\/uploads\/2024\/04\/1.jpg\" alt=\"\" loading=\"lazy\" srcset=\"https:\/\/camargue-vtc-premium.com\/wp-content\/uploads\/2024\/04\/1.jpg 320w, https:\/\/camargue-vtc-premium.com\/wp-content\/uploads\/2024\/04\/1-300x225.jpg 300w, https:\/\/camargue-vtc-premium.com\/wp-content\/uploads\/2024\/04\/1-195x146.jpg 195w, https:\/\/camargue-vtc-premium.com\/wp-content\/uploads\/2024\/04\/1-50x38.jpg 50w, https:\/\/camargue-vtc-premium.com\/wp-content\/uploads\/2024\/04\/1-100x75.jpg 100w\" sizes=\"(max-width: 320px) 100vw, 320px\" \/>\t\t\t\t\t\t\t\t\t\t\t<\/p>\n<p style=\"text-align: center;\"><strong>CAMARGUE VTC PREMIUM<\/strong><\/p>\n<p style=\"text-align: center;\">Explorez le <a href=\"https:\/\/www.kayak.fr\/Aigues-Mortes.55497.guide\">guide de voyage Aigues-Mortes<\/a> pour plus d\u2019id\u00e9es.<\/p>\n","protected":false},"excerpt":{"rendered":"<p>CAMARGUE VTC PREMIUM Explorez le guide de voyage Aigues-Mortes pour plus d\u2019id\u00e9es.<\/p>\n","protected":false},"author":1,"featured_media":0,"parent":0,"menu_order":0,"comment_status":"open","ping_status":"open","template":"","meta":[],"yoast_head":"<!-- This site is optimized with the Yoast SEO plugin v15.2.1 - https:\/\/yoast.com\/wordpress\/plugins\/seo\/ -->\n<title>Camargue VTC Premium, voiture de luxe avec chauffeur<\/title>\n<meta name=\"description\" content=\"Pour un transfert (a\u00e9roport, shopping, congr\u00e8s, sortie...) ou une mise \u00e0 disposition (mariage, \u00e9v\u00e9nement...) choisissez le confort avec Camargue VTC Premium\" \/>\n<meta name=\"robots\" content=\"index, follow, max-snippet:-1, max-image-preview:large, max-video-preview:-1\" \/>\n<link rel=\"canonical\" href=\"https:\/\/camargue-vtc-premium.com\/en\/home\/\" \/>\n<meta property=\"og:locale\" content=\"en_US\" \/>\n<meta property=\"og:type\" content=\"article\" \/>\n<meta property=\"og:title\" content=\"Camargue VTC Premium, voiture de luxe avec chauffeur\" \/>\n<meta property=\"og:description\" content=\"Pour un transfert (a\u00e9roport, shopping, congr\u00e8s, sortie...) ou une mise \u00e0 disposition (mariage, \u00e9v\u00e9nement...) choisissez le confort avec Camargue VTC Premium\" \/>\n<meta property=\"og:url\" content=\"https:\/\/camargue-vtc-premium.com\/en\/home\/\" \/>\n<meta property=\"og:site_name\" content=\"Camargue VTC Premium\" \/>\n<meta property=\"article:modified_time\" content=\"2024-04-26T19:05:26+00:00\" \/>\n<meta property=\"og:image\" content=\"https:\/\/camargue-vtc-premium.com\/wp-content\/uploads\/2024\/04\/1.jpg\" \/>\n<meta name=\"twitter:card\" content=\"summary\" \/>\n<meta name=\"twitter:label1\" content=\"Written by\">\n\t<meta name=\"twitter:data1\" content=\"PB\">\n\t<meta name=\"twitter:label2\" content=\"Est. reading time\">\n\t<meta name=\"twitter:data2\" content=\"0 minutes\">\n<script type=\"application\/ld+json\" class=\"yoast-schema-graph\">{\"@context\":\"https:\/\/schema.org\",\"@graph\":[{\"@type\":\"WebSite\",\"@id\":\"https:\/\/camargue-vtc-premium.com\/#website\",\"url\":\"https:\/\/camargue-vtc-premium.com\/\",\"name\":\"Camargue VTC Premium\",\"description\":\"Location de voiture de luxe avec chauffeur\",\"potentialAction\":[{\"@type\":\"SearchAction\",\"target\":\"https:\/\/camargue-vtc-premium.com\/?s={search_term_string}\",\"query-input\":\"required name=search_term_string\"}],\"inLanguage\":\"en-US\"},{\"@type\":\"ImageObject\",\"@id\":\"https:\/\/camargue-vtc-premium.com\/en\/home\/#primaryimage\",\"inLanguage\":\"en-US\",\"url\":\"https:\/\/camargue-vtc-premium.com\/wp-content\/uploads\/2024\/04\/1.jpg\",\"width\":320,\"height\":240},{\"@type\":\"WebPage\",\"@id\":\"https:\/\/camargue-vtc-premium.com\/en\/home\/#webpage\",\"url\":\"https:\/\/camargue-vtc-premium.com\/en\/home\/\",\"name\":\"Camargue VTC Premium, voiture de luxe avec chauffeur\",\"isPartOf\":{\"@id\":\"https:\/\/camargue-vtc-premium.com\/#website\"},\"primaryImageOfPage\":{\"@id\":\"https:\/\/camargue-vtc-premium.com\/en\/home\/#primaryimage\"},\"datePublished\":\"2014-11-05T14:13:25+00:00\",\"dateModified\":\"2024-04-26T19:05:26+00:00\",\"description\":\"Pour un transfert (a\\u00e9roport, shopping, congr\\u00e8s, sortie...) ou une mise \\u00e0 disposition (mariage, \\u00e9v\\u00e9nement...) choisissez le confort avec Camargue VTC Premium\",\"inLanguage\":\"en-US\",\"potentialAction\":[{\"@type\":\"ReadAction\",\"target\":[\"https:\/\/camargue-vtc-premium.com\/en\/home\/\"]}]}]}<\/script>\n<!-- \/ Yoast SEO plugin. -->","_links":{"self":[{"href":"https:\/\/camargue-vtc-premium.com\/en\/wp-json\/wp\/v2\/pages\/231"}],"collection":[{"href":"https:\/\/camargue-vtc-premium.com\/en\/wp-json\/wp\/v2\/pages"}],"about":[{"href":"https:\/\/camargue-vtc-premium.com\/en\/wp-json\/wp\/v2\/types\/page"}],"author":[{"embeddable":true,"href":"https:\/\/camargue-vtc-premium.com\/en\/wp-json\/wp\/v2\/users\/1"}],"replies":[{"embeddable":true,"href":"https:\/\/camargue-vtc-premium.com\/en\/wp-json\/wp\/v2\/comments?post=231"}],"version-history":[{"count":18,"href":"https:\/\/camargue-vtc-premium.com\/en\/wp-json\/wp\/v2\/pages\/231\/revisions"}],"predecessor-version":[{"id":547,"href":"https:\/\/camargue-vtc-premium.com\/en\/wp-json\/wp\/v2\/pages\/231\/revisions\/547"}],"wp:attachment":[{"href":"https:\/\/camargue-vtc-premium.com\/en\/wp-json\/wp\/v2\/media?parent=231"}],"curies":[{"name":"wp","href":"https:\/\/api.w.org\/{rel}","templated":true}]}}