{"id":236,"date":"2015-10-16T15:11:40","date_gmt":"2015-10-16T14:11:40","guid":{"rendered":"http:\/\/camargue-vtc-premium.com\/en\/presentation-camargue-vtc-premium-louer-une-voiture-avec-chauffeur\/"},"modified":"2016-01-07T13:08:28","modified_gmt":"2016-01-07T12:08:28","slug":"presentation","status":"publish","type":"page","link":"https:\/\/camargue-vtc-premium.com\/en\/presentation\/","title":{"rendered":"Presentation"},"content":{"rendered":"<p>&nbsp;<\/p>\n\n\t\t\t<style type='text\/css'>\n\t\t\t\t#sc_gallery-1 {\n\t\t\t\t\tmargin: auto;\n\t\t\t\t}\n\t\t\t\t#sc_gallery-1 .gallery-item {\n\t\t\t\t\tfloat: left;\n\t\t\t\t\tmargin-top: 10px;\n\t\t\t\t\ttext-align: center;\n\t\t\t\t\twidth: 49.99%;\n\t\t\t\t}\n\t\t\t\t#sc_gallery-1 img {\n\t\t\t\t\tborder: 2px solid #cfcfcf;\n\t\t\t\t}\n\t\t\t\t#sc_gallery-1 .gallery-caption {\n\t\t\t\t\tmargin-left: 0;\n\t\t\t\t}\n\t\t\t\t\/* see sc_gallery() in functions\/theme-shortcodes.php *\/\n\t\t\t<\/style>\n\t\t<div id='sc_gallery-1' class='gallery galleryid-236 gallery-columns-2 gallery-size-medium file'><dl class='gallery-item'>\n\t\t\t\t<dt class='gallery-icon landscape'>\n\t\t\t\t\t<a href='https:\/\/camargue-vtc-premium.com\/wp-content\/uploads\/2015\/10\/vtc-vehicule-luxe-11.jpg'><img width=\"300\" height=\"140\" src=\"https:\/\/camargue-vtc-premium.com\/wp-content\/uploads\/2015\/10\/vtc-vehicule-luxe-11-300x140.jpg\" class=\"attachment-medium size-medium\" alt=\"CAMARGUE VTC Premium - voiture de luxe avec chauffeur\" loading=\"lazy\" srcset=\"https:\/\/camargue-vtc-premium.com\/wp-content\/uploads\/2015\/10\/vtc-vehicule-luxe-11-300x140.jpg 300w, https:\/\/camargue-vtc-premium.com\/wp-content\/uploads\/2015\/10\/vtc-vehicule-luxe-11-260x122.jpg 260w, https:\/\/camargue-vtc-premium.com\/wp-content\/uploads\/2015\/10\/vtc-vehicule-luxe-11-50x23.jpg 50w, https:\/\/camargue-vtc-premium.com\/wp-content\/uploads\/2015\/10\/vtc-vehicule-luxe-11-150x70.jpg 150w, https:\/\/camargue-vtc-premium.com\/wp-content\/uploads\/2015\/10\/vtc-vehicule-luxe-11.jpg 620w\" sizes=\"(max-width: 300px) 100vw, 300px\" \/><\/a>\n\t\t\t\t<\/dt><\/dl><dl class='gallery-item'>\n\t\t\t\t<dt class='gallery-icon landscape'>\n\t\t\t\t\t<a href='https:\/\/camargue-vtc-premium.com\/wp-content\/uploads\/2015\/10\/vtc-vehicule-luxe-21.jpg'><img width=\"300\" height=\"140\" src=\"https:\/\/camargue-vtc-premium.com\/wp-content\/uploads\/2015\/10\/vtc-vehicule-luxe-21-300x140.jpg\" class=\"attachment-medium size-medium\" alt=\"CAMARGUE VTC Premium - voiture de luxe avec chauffeur\" loading=\"lazy\" srcset=\"https:\/\/camargue-vtc-premium.com\/wp-content\/uploads\/2015\/10\/vtc-vehicule-luxe-21-300x140.jpg 300w, https:\/\/camargue-vtc-premium.com\/wp-content\/uploads\/2015\/10\/vtc-vehicule-luxe-21-260x122.jpg 260w, https:\/\/camargue-vtc-premium.com\/wp-content\/uploads\/2015\/10\/vtc-vehicule-luxe-21-50x23.jpg 50w, https:\/\/camargue-vtc-premium.com\/wp-content\/uploads\/2015\/10\/vtc-vehicule-luxe-21-150x70.jpg 150w, https:\/\/camargue-vtc-premium.com\/wp-content\/uploads\/2015\/10\/vtc-vehicule-luxe-21.jpg 620w\" sizes=\"(max-width: 300px) 100vw, 300px\" \/><\/a>\n\t\t\t\t<\/dt><\/dl><br style=\"clear: both\" \/><dl class='gallery-item'>\n\t\t\t\t<dt class='gallery-icon landscape'>\n\t\t\t\t\t<a href='https:\/\/camargue-vtc-premium.com\/wp-content\/uploads\/2015\/10\/vtc-vehicule-luxe-3.jpg'><img width=\"300\" height=\"140\" src=\"https:\/\/camargue-vtc-premium.com\/wp-content\/uploads\/2015\/10\/vtc-vehicule-luxe-3-300x140.jpg\" class=\"attachment-medium size-medium\" alt=\"\" loading=\"lazy\" srcset=\"https:\/\/camargue-vtc-premium.com\/wp-content\/uploads\/2015\/10\/vtc-vehicule-luxe-3-300x140.jpg 300w, https:\/\/camargue-vtc-premium.com\/wp-content\/uploads\/2015\/10\/vtc-vehicule-luxe-3-260x122.jpg 260w, https:\/\/camargue-vtc-premium.com\/wp-content\/uploads\/2015\/10\/vtc-vehicule-luxe-3-50x23.jpg 50w, https:\/\/camargue-vtc-premium.com\/wp-content\/uploads\/2015\/10\/vtc-vehicule-luxe-3-150x70.jpg 150w, https:\/\/camargue-vtc-premium.com\/wp-content\/uploads\/2015\/10\/vtc-vehicule-luxe-3.jpg 620w\" sizes=\"(max-width: 300px) 100vw, 300px\" \/><\/a>\n\t\t\t\t<\/dt><\/dl><dl class='gallery-item'>\n\t\t\t\t<dt class='gallery-icon landscape'>\n\t\t\t\t\t<a href='https:\/\/camargue-vtc-premium.com\/wp-content\/uploads\/2015\/10\/vtc-vehicule-luxe-61.jpg'><img width=\"300\" height=\"140\" src=\"https:\/\/camargue-vtc-premium.com\/wp-content\/uploads\/2015\/10\/vtc-vehicule-luxe-61-300x140.jpg\" class=\"attachment-medium size-medium\" alt=\"CAMARGUE VTC Premium - voiture de luxe avec chauffeur\" loading=\"lazy\" srcset=\"https:\/\/camargue-vtc-premium.com\/wp-content\/uploads\/2015\/10\/vtc-vehicule-luxe-61-300x140.jpg 300w, https:\/\/camargue-vtc-premium.com\/wp-content\/uploads\/2015\/10\/vtc-vehicule-luxe-61-260x122.jpg 260w, https:\/\/camargue-vtc-premium.com\/wp-content\/uploads\/2015\/10\/vtc-vehicule-luxe-61-50x23.jpg 50w, https:\/\/camargue-vtc-premium.com\/wp-content\/uploads\/2015\/10\/vtc-vehicule-luxe-61-150x70.jpg 150w, https:\/\/camargue-vtc-premium.com\/wp-content\/uploads\/2015\/10\/vtc-vehicule-luxe-61.jpg 620w\" sizes=\"(max-width: 300px) 100vw, 300px\" \/><\/a>\n\t\t\t\t<\/dt><\/dl><br style=\"clear: both\" \/><dl class='gallery-item'>\n\t\t\t\t<dt class='gallery-icon landscape'>\n\t\t\t\t\t<a href='https:\/\/camargue-vtc-premium.com\/wp-content\/uploads\/2015\/10\/vtc-vehicule-luxe-4.jpg'><img width=\"300\" height=\"140\" src=\"https:\/\/camargue-vtc-premium.com\/wp-content\/uploads\/2015\/10\/vtc-vehicule-luxe-4-300x140.jpg\" class=\"attachment-medium size-medium\" alt=\"\" loading=\"lazy\" srcset=\"https:\/\/camargue-vtc-premium.com\/wp-content\/uploads\/2015\/10\/vtc-vehicule-luxe-4-300x140.jpg 300w, https:\/\/camargue-vtc-premium.com\/wp-content\/uploads\/2015\/10\/vtc-vehicule-luxe-4-260x122.jpg 260w, https:\/\/camargue-vtc-premium.com\/wp-content\/uploads\/2015\/10\/vtc-vehicule-luxe-4-50x23.jpg 50w, https:\/\/camargue-vtc-premium.com\/wp-content\/uploads\/2015\/10\/vtc-vehicule-luxe-4-150x70.jpg 150w, https:\/\/camargue-vtc-premium.com\/wp-content\/uploads\/2015\/10\/vtc-vehicule-luxe-4.jpg 620w\" sizes=\"(max-width: 300px) 100vw, 300px\" \/><\/a>\n\t\t\t\t<\/dt><\/dl><dl class='gallery-item'>\n\t\t\t\t<dt class='gallery-icon landscape'>\n\t\t\t\t\t<a href='https:\/\/camargue-vtc-premium.com\/wp-content\/uploads\/2015\/10\/vtc-vehicule-luxe-5.jpg'><img width=\"300\" height=\"140\" src=\"https:\/\/camargue-vtc-premium.com\/wp-content\/uploads\/2015\/10\/vtc-vehicule-luxe-5-300x140.jpg\" class=\"attachment-medium size-medium\" alt=\"\" loading=\"lazy\" srcset=\"https:\/\/camargue-vtc-premium.com\/wp-content\/uploads\/2015\/10\/vtc-vehicule-luxe-5-300x140.jpg 300w, https:\/\/camargue-vtc-premium.com\/wp-content\/uploads\/2015\/10\/vtc-vehicule-luxe-5-260x122.jpg 260w, https:\/\/camargue-vtc-premium.com\/wp-content\/uploads\/2015\/10\/vtc-vehicule-luxe-5-50x23.jpg 50w, https:\/\/camargue-vtc-premium.com\/wp-content\/uploads\/2015\/10\/vtc-vehicule-luxe-5-150x70.jpg 150w, https:\/\/camargue-vtc-premium.com\/wp-content\/uploads\/2015\/10\/vtc-vehicule-luxe-5.jpg 620w\" sizes=\"(max-width: 300px) 100vw, 300px\" \/><\/a>\n\t\t\t\t<\/dt><\/dl><br style=\"clear: both\" \/>\n\t\t\t<\/div>\n\n","protected":false},"excerpt":{"rendered":"<p>&nbsp;<\/p>\n","protected":false},"author":1,"featured_media":0,"parent":0,"menu_order":0,"comment_status":"closed","ping_status":"closed","template":"","meta":[],"yoast_head":"<!-- This site is optimized with the Yoast SEO plugin v15.2.1 - https:\/\/yoast.com\/wordpress\/plugins\/seo\/ -->\n<title>CAMARGUE VTC Premium - Voiture avec chauffeur<\/title>\n<meta name=\"description\" content=\"Effectuez vos d\u00e9placements priv\u00e9s et professionnels \u00e0 bord d&#039;une voiture avec chauffeur de standing dans le 30, le 34, le 84 ou le 13.\" \/>\n<meta name=\"robots\" content=\"index, follow, max-snippet:-1, max-image-preview:large, max-video-preview:-1\" \/>\n<link rel=\"canonical\" href=\"https:\/\/camargue-vtc-premium.com\/en\/presentation\/\" \/>\n<meta property=\"og:locale\" content=\"en_US\" \/>\n<meta property=\"og:type\" content=\"article\" \/>\n<meta property=\"og:title\" content=\"CAMARGUE VTC Premium - Voiture avec chauffeur\" \/>\n<meta property=\"og:description\" content=\"Effectuez vos d\u00e9placements priv\u00e9s et professionnels \u00e0 bord d&#039;une voiture avec chauffeur de standing dans le 30, le 34, le 84 ou le 13.\" \/>\n<meta property=\"og:url\" content=\"https:\/\/camargue-vtc-premium.com\/en\/presentation\/\" \/>\n<meta property=\"og:site_name\" content=\"Camargue VTC Premium\" \/>\n<meta property=\"article:modified_time\" content=\"2016-01-07T12:08:28+00:00\" \/>\n<meta property=\"og:image\" content=\"https:\/\/camargue-vtc-premium.com\/wp-content\/uploads\/2015\/10\/vtc-vehicule-luxe-11-300x140.jpg\" \/>\n<meta name=\"twitter:card\" content=\"summary\" \/>\n<meta name=\"twitter:label1\" content=\"Written by\">\n\t<meta name=\"twitter:data1\" content=\"PB\">\n\t<meta name=\"twitter:label2\" content=\"Est. reading time\">\n\t<meta name=\"twitter:data2\" content=\"0 minutes\">\n<script type=\"application\/ld+json\" class=\"yoast-schema-graph\">{\"@context\":\"https:\/\/schema.org\",\"@graph\":[{\"@type\":\"WebSite\",\"@id\":\"https:\/\/camargue-vtc-premium.com\/#website\",\"url\":\"https:\/\/camargue-vtc-premium.com\/\",\"name\":\"Camargue VTC Premium\",\"description\":\"Location de voiture de luxe avec chauffeur\",\"potentialAction\":[{\"@type\":\"SearchAction\",\"target\":\"https:\/\/camargue-vtc-premium.com\/?s={search_term_string}\",\"query-input\":\"required name=search_term_string\"}],\"inLanguage\":\"en-US\"},{\"@type\":\"WebPage\",\"@id\":\"https:\/\/camargue-vtc-premium.com\/en\/presentation\/#webpage\",\"url\":\"https:\/\/camargue-vtc-premium.com\/en\/presentation\/\",\"name\":\"CAMARGUE VTC Premium - Voiture avec chauffeur\",\"isPartOf\":{\"@id\":\"https:\/\/camargue-vtc-premium.com\/#website\"},\"datePublished\":\"2015-10-16T14:11:40+00:00\",\"dateModified\":\"2016-01-07T12:08:28+00:00\",\"description\":\"Effectuez vos d\\u00e9placements priv\\u00e9s et professionnels \\u00e0 bord d'une voiture avec chauffeur de standing dans le 30, le 34, le 84 ou le 13.\",\"inLanguage\":\"en-US\",\"potentialAction\":[{\"@type\":\"ReadAction\",\"target\":[\"https:\/\/camargue-vtc-premium.com\/en\/presentation\/\"]}]}]}<\/script>\n<!-- \/ Yoast SEO plugin. -->","_links":{"self":[{"href":"https:\/\/camargue-vtc-premium.com\/en\/wp-json\/wp\/v2\/pages\/236"}],"collection":[{"href":"https:\/\/camargue-vtc-premium.com\/en\/wp-json\/wp\/v2\/pages"}],"about":[{"href":"https:\/\/camargue-vtc-premium.com\/en\/wp-json\/wp\/v2\/types\/page"}],"author":[{"embeddable":true,"href":"https:\/\/camargue-vtc-premium.com\/en\/wp-json\/wp\/v2\/users\/1"}],"replies":[{"embeddable":true,"href":"https:\/\/camargue-vtc-premium.com\/en\/wp-json\/wp\/v2\/comments?post=236"}],"version-history":[{"count":2,"href":"https:\/\/camargue-vtc-premium.com\/en\/wp-json\/wp\/v2\/pages\/236\/revisions"}],"predecessor-version":[{"id":238,"href":"https:\/\/camargue-vtc-premium.com\/en\/wp-json\/wp\/v2\/pages\/236\/revisions\/238"}],"wp:attachment":[{"href":"https:\/\/camargue-vtc-premium.com\/en\/wp-json\/wp\/v2\/media?parent=236"}],"curies":[{"name":"wp","href":"https:\/\/api.w.org\/{rel}","templated":true}]}}