{"id":240,"date":"2015-10-16T15:30:32","date_gmt":"2015-10-16T14:30:32","guid":{"rendered":"http:\/\/camargue-vtc-premium.com\/en\/chauffeur-prive-transfert-professionnel-et-transfert-prive\/"},"modified":"2015-12-28T14:36:06","modified_gmt":"2015-12-28T13:36:06","slug":"chauffeur-prive-transfert-professionnel-et-transfert-prive","status":"publish","type":"page","link":"https:\/\/camargue-vtc-premium.com\/en\/chauffeur-prive-transfert-professionnel-et-transfert-prive\/","title":{"rendered":"Transfer"},"content":{"rendered":"","protected":false},"excerpt":{"rendered":"","protected":false},"author":1,"featured_media":0,"parent":0,"menu_order":0,"comment_status":"closed","ping_status":"closed","template":"","meta":[],"yoast_head":"<!-- This site is optimized with the Yoast SEO plugin v15.2.1 - https:\/\/yoast.com\/wordpress\/plugins\/seo\/ -->\n<title>Voiture avec chauffeur priv\u00e9 pour transfert pro et priv\u00e9<\/title>\n<meta name=\"description\" content=\"Pour un transfert professionnel ou priv\u00e9 (a\u00e9roport, gare...) voyagez \u00e0 bord de nos voitures haut de gamme avec chauffeur priv\u00e9 qualifi\u00e9 et courtois.\" \/>\n<meta name=\"robots\" content=\"index, follow, max-snippet:-1, max-image-preview:large, max-video-preview:-1\" \/>\n<link rel=\"canonical\" href=\"https:\/\/camargue-vtc-premium.com\/en\/chauffeur-prive-transfert-professionnel-et-transfert-prive\/\" \/>\n<meta property=\"og:locale\" content=\"en_US\" \/>\n<meta property=\"og:type\" content=\"article\" \/>\n<meta property=\"og:title\" content=\"Voiture avec chauffeur priv\u00e9 pour transfert pro et priv\u00e9\" \/>\n<meta property=\"og:description\" content=\"Pour un transfert professionnel ou priv\u00e9 (a\u00e9roport, gare...) voyagez \u00e0 bord de nos voitures haut de gamme avec chauffeur priv\u00e9 qualifi\u00e9 et courtois.\" \/>\n<meta property=\"og:url\" content=\"https:\/\/camargue-vtc-premium.com\/en\/chauffeur-prive-transfert-professionnel-et-transfert-prive\/\" \/>\n<meta property=\"og:site_name\" content=\"Camargue VTC Premium\" \/>\n<meta property=\"article:modified_time\" content=\"2015-12-28T13:36:06+00:00\" \/>\n<meta name=\"twitter:card\" content=\"summary\" \/>\n<meta name=\"twitter:label1\" content=\"Written by\">\n\t<meta name=\"twitter:data1\" content=\"PB\">\n<script type=\"application\/ld+json\" class=\"yoast-schema-graph\">{\"@context\":\"https:\/\/schema.org\",\"@graph\":[{\"@type\":\"WebSite\",\"@id\":\"https:\/\/camargue-vtc-premium.com\/#website\",\"url\":\"https:\/\/camargue-vtc-premium.com\/\",\"name\":\"Camargue VTC Premium\",\"description\":\"Location de voiture de luxe avec chauffeur\",\"potentialAction\":[{\"@type\":\"SearchAction\",\"target\":\"https:\/\/camargue-vtc-premium.com\/?s={search_term_string}\",\"query-input\":\"required name=search_term_string\"}],\"inLanguage\":\"en-US\"},{\"@type\":\"WebPage\",\"@id\":\"https:\/\/camargue-vtc-premium.com\/en\/chauffeur-prive-transfert-professionnel-et-transfert-prive\/#webpage\",\"url\":\"https:\/\/camargue-vtc-premium.com\/en\/chauffeur-prive-transfert-professionnel-et-transfert-prive\/\",\"name\":\"Voiture avec chauffeur priv\\u00e9 pour transfert pro et priv\\u00e9\",\"isPartOf\":{\"@id\":\"https:\/\/camargue-vtc-premium.com\/#website\"},\"datePublished\":\"2015-10-16T14:30:32+00:00\",\"dateModified\":\"2015-12-28T13:36:06+00:00\",\"description\":\"Pour un transfert professionnel ou priv\\u00e9 (a\\u00e9roport, gare...) voyagez \\u00e0 bord de nos voitures haut de gamme avec chauffeur priv\\u00e9 qualifi\\u00e9 et courtois.\",\"inLanguage\":\"en-US\",\"potentialAction\":[{\"@type\":\"ReadAction\",\"target\":[\"https:\/\/camargue-vtc-premium.com\/en\/chauffeur-prive-transfert-professionnel-et-transfert-prive\/\"]}]}]}<\/script>\n<!-- \/ Yoast SEO plugin. -->","_links":{"self":[{"href":"https:\/\/camargue-vtc-premium.com\/en\/wp-json\/wp\/v2\/pages\/240"}],"collection":[{"href":"https:\/\/camargue-vtc-premium.com\/en\/wp-json\/wp\/v2\/pages"}],"about":[{"href":"https:\/\/camargue-vtc-premium.com\/en\/wp-json\/wp\/v2\/types\/page"}],"author":[{"embeddable":true,"href":"https:\/\/camargue-vtc-premium.com\/en\/wp-json\/wp\/v2\/users\/1"}],"replies":[{"embeddable":true,"href":"https:\/\/camargue-vtc-premium.com\/en\/wp-json\/wp\/v2\/comments?post=240"}],"version-history":[{"count":4,"href":"https:\/\/camargue-vtc-premium.com\/en\/wp-json\/wp\/v2\/pages\/240\/revisions"}],"predecessor-version":[{"id":274,"href":"https:\/\/camargue-vtc-premium.com\/en\/wp-json\/wp\/v2\/pages\/240\/revisions\/274"}],"wp:attachment":[{"href":"https:\/\/camargue-vtc-premium.com\/en\/wp-json\/wp\/v2\/media?parent=240"}],"curies":[{"name":"wp","href":"https:\/\/api.w.org\/{rel}","templated":true}]}}