{"id":244,"date":"2015-10-16T15:26:27","date_gmt":"2015-10-16T14:26:27","guid":{"rendered":"http:\/\/camargue-vtc-premium.com\/en\/mise-a-disposition-location-de-voiture-avec-chauffeur-vtc\/"},"modified":"2021-06-21T14:57:05","modified_gmt":"2021-06-21T13:57:05","slug":"mise-a-disposition-location-de-voiture-avec-chauffeur-vtc","status":"publish","type":"page","link":"https:\/\/camargue-vtc-premium.com\/en\/mise-a-disposition-location-de-voiture-avec-chauffeur-vtc\/","title":{"rendered":"Mise \u00e0 disposition &#8211; Location de voiture avec chauffeur"},"content":{"rendered":"","protected":false},"excerpt":{"rendered":"","protected":false},"author":1,"featured_media":0,"parent":0,"menu_order":0,"comment_status":"closed","ping_status":"closed","template":"","meta":[],"yoast_head":"<!-- This site is optimized with the Yoast SEO plugin v15.2.1 - https:\/\/yoast.com\/wordpress\/plugins\/seo\/ -->\n<title>Location de voiture avec chauffeur - Mise \u00e0 disposition<\/title>\n<meta name=\"description\" content=\"Pour vos \u00e9v\u00e9nements et sorties pensez \u00e0 la location de voiture avec chauffeur pour une p\u00e9riode d\u00e9finie (plusieurs heures, demi-journ\u00e9e, journ\u00e9e...).\" \/>\n<meta name=\"robots\" content=\"index, follow, max-snippet:-1, max-image-preview:large, max-video-preview:-1\" \/>\n<link rel=\"canonical\" href=\"https:\/\/camargue-vtc-premium.com\/en\/mise-a-disposition-location-de-voiture-avec-chauffeur-vtc\/\" \/>\n<meta property=\"og:locale\" content=\"en_US\" \/>\n<meta property=\"og:type\" content=\"article\" \/>\n<meta property=\"og:title\" content=\"Location de voiture avec chauffeur - Mise \u00e0 disposition\" \/>\n<meta property=\"og:description\" content=\"Pour vos \u00e9v\u00e9nements et sorties pensez \u00e0 la location de voiture avec chauffeur pour une p\u00e9riode d\u00e9finie (plusieurs heures, demi-journ\u00e9e, journ\u00e9e...).\" \/>\n<meta property=\"og:url\" content=\"https:\/\/camargue-vtc-premium.com\/en\/mise-a-disposition-location-de-voiture-avec-chauffeur-vtc\/\" \/>\n<meta property=\"og:site_name\" content=\"Camargue VTC Premium\" \/>\n<meta property=\"article:modified_time\" content=\"2021-06-21T13:57:05+00:00\" \/>\n<meta name=\"twitter:card\" content=\"summary\" \/>\n<meta name=\"twitter:label1\" content=\"Written by\">\n\t<meta name=\"twitter:data1\" content=\"PB\">\n<script type=\"application\/ld+json\" class=\"yoast-schema-graph\">{\"@context\":\"https:\/\/schema.org\",\"@graph\":[{\"@type\":\"WebSite\",\"@id\":\"https:\/\/camargue-vtc-premium.com\/#website\",\"url\":\"https:\/\/camargue-vtc-premium.com\/\",\"name\":\"Camargue VTC Premium\",\"description\":\"Location de voiture de luxe avec chauffeur\",\"potentialAction\":[{\"@type\":\"SearchAction\",\"target\":\"https:\/\/camargue-vtc-premium.com\/?s={search_term_string}\",\"query-input\":\"required name=search_term_string\"}],\"inLanguage\":\"en-US\"},{\"@type\":\"WebPage\",\"@id\":\"https:\/\/camargue-vtc-premium.com\/en\/mise-a-disposition-location-de-voiture-avec-chauffeur-vtc\/#webpage\",\"url\":\"https:\/\/camargue-vtc-premium.com\/en\/mise-a-disposition-location-de-voiture-avec-chauffeur-vtc\/\",\"name\":\"Location de voiture avec chauffeur - Mise \\u00e0 disposition\",\"isPartOf\":{\"@id\":\"https:\/\/camargue-vtc-premium.com\/#website\"},\"datePublished\":\"2015-10-16T14:26:27+00:00\",\"dateModified\":\"2021-06-21T13:57:05+00:00\",\"description\":\"Pour vos \\u00e9v\\u00e9nements et sorties pensez \\u00e0 la location de voiture avec chauffeur pour une p\\u00e9riode d\\u00e9finie (plusieurs heures, demi-journ\\u00e9e, journ\\u00e9e...).\",\"inLanguage\":\"en-US\",\"potentialAction\":[{\"@type\":\"ReadAction\",\"target\":[\"https:\/\/camargue-vtc-premium.com\/en\/mise-a-disposition-location-de-voiture-avec-chauffeur-vtc\/\"]}]}]}<\/script>\n<!-- \/ Yoast SEO plugin. -->","_links":{"self":[{"href":"https:\/\/camargue-vtc-premium.com\/en\/wp-json\/wp\/v2\/pages\/244"}],"collection":[{"href":"https:\/\/camargue-vtc-premium.com\/en\/wp-json\/wp\/v2\/pages"}],"about":[{"href":"https:\/\/camargue-vtc-premium.com\/en\/wp-json\/wp\/v2\/types\/page"}],"author":[{"embeddable":true,"href":"https:\/\/camargue-vtc-premium.com\/en\/wp-json\/wp\/v2\/users\/1"}],"replies":[{"embeddable":true,"href":"https:\/\/camargue-vtc-premium.com\/en\/wp-json\/wp\/v2\/comments?post=244"}],"version-history":[{"count":3,"href":"https:\/\/camargue-vtc-premium.com\/en\/wp-json\/wp\/v2\/pages\/244\/revisions"}],"predecessor-version":[{"id":420,"href":"https:\/\/camargue-vtc-premium.com\/en\/wp-json\/wp\/v2\/pages\/244\/revisions\/420"}],"wp:attachment":[{"href":"https:\/\/camargue-vtc-premium.com\/en\/wp-json\/wp\/v2\/media?parent=244"}],"curies":[{"name":"wp","href":"https:\/\/api.w.org\/{rel}","templated":true}]}}