{"id":248,"date":"2015-10-23T09:05:57","date_gmt":"2015-10-23T08:05:57","guid":{"rendered":"http:\/\/camargue-vtc-premium.com\/en\/service-platinium-vtc-voiture-avec-chauffeur\/"},"modified":"2016-01-05T17:24:24","modified_gmt":"2016-01-05T16:24:24","slug":"platinum-service","status":"publish","type":"page","link":"https:\/\/camargue-vtc-premium.com\/en\/platinum-service\/","title":{"rendered":"Platinum Service"},"content":{"rendered":"","protected":false},"excerpt":{"rendered":"","protected":false},"author":1,"featured_media":0,"parent":0,"menu_order":0,"comment_status":"closed","ping_status":"closed","template":"","meta":[],"yoast_head":"<!-- This site is optimized with the Yoast SEO plugin v15.2.1 - https:\/\/yoast.com\/wordpress\/plugins\/seo\/ -->\n<title>Service Platinium VTC - Laissez-vous transporter<\/title>\n<meta name=\"description\" content=\"CAMARGUE VTC Premium vous offre un panel de service gratuit (WIFI, boissons fra\u00eeches, c\u00e2ble USB...) pour vos trajets \u00e0 bord de nos v\u00e9hicules de luxe !\" \/>\n<meta name=\"robots\" content=\"index, follow, max-snippet:-1, max-image-preview:large, max-video-preview:-1\" \/>\n<link rel=\"canonical\" href=\"https:\/\/camargue-vtc-premium.com\/en\/platinum-service\/\" \/>\n<meta property=\"og:locale\" content=\"en_US\" \/>\n<meta property=\"og:type\" content=\"article\" \/>\n<meta property=\"og:title\" content=\"Service Platinium VTC - Laissez-vous transporter\" \/>\n<meta property=\"og:description\" content=\"CAMARGUE VTC Premium vous offre un panel de service gratuit (WIFI, boissons fra\u00eeches, c\u00e2ble USB...) pour vos trajets \u00e0 bord de nos v\u00e9hicules de luxe !\" \/>\n<meta property=\"og:url\" content=\"https:\/\/camargue-vtc-premium.com\/en\/platinum-service\/\" \/>\n<meta property=\"og:site_name\" content=\"Camargue VTC Premium\" \/>\n<meta property=\"article:modified_time\" content=\"2016-01-05T16:24:24+00:00\" \/>\n<meta name=\"twitter:card\" content=\"summary\" \/>\n<meta name=\"twitter:label1\" content=\"Written by\">\n\t<meta name=\"twitter:data1\" content=\"PB\">\n<script type=\"application\/ld+json\" class=\"yoast-schema-graph\">{\"@context\":\"https:\/\/schema.org\",\"@graph\":[{\"@type\":\"WebSite\",\"@id\":\"https:\/\/camargue-vtc-premium.com\/#website\",\"url\":\"https:\/\/camargue-vtc-premium.com\/\",\"name\":\"Camargue VTC Premium\",\"description\":\"Location de voiture de luxe avec chauffeur\",\"potentialAction\":[{\"@type\":\"SearchAction\",\"target\":\"https:\/\/camargue-vtc-premium.com\/?s={search_term_string}\",\"query-input\":\"required name=search_term_string\"}],\"inLanguage\":\"en-US\"},{\"@type\":\"WebPage\",\"@id\":\"https:\/\/camargue-vtc-premium.com\/en\/platinum-service\/#webpage\",\"url\":\"https:\/\/camargue-vtc-premium.com\/en\/platinum-service\/\",\"name\":\"Service Platinium VTC - Laissez-vous transporter\",\"isPartOf\":{\"@id\":\"https:\/\/camargue-vtc-premium.com\/#website\"},\"datePublished\":\"2015-10-23T08:05:57+00:00\",\"dateModified\":\"2016-01-05T16:24:24+00:00\",\"description\":\"CAMARGUE VTC Premium vous offre un panel de service gratuit (WIFI, boissons fra\\u00eeches, c\\u00e2ble USB...) pour vos trajets \\u00e0 bord de nos v\\u00e9hicules de luxe !\",\"inLanguage\":\"en-US\",\"potentialAction\":[{\"@type\":\"ReadAction\",\"target\":[\"https:\/\/camargue-vtc-premium.com\/en\/platinum-service\/\"]}]}]}<\/script>\n<!-- \/ Yoast SEO plugin. -->","_links":{"self":[{"href":"https:\/\/camargue-vtc-premium.com\/en\/wp-json\/wp\/v2\/pages\/248"}],"collection":[{"href":"https:\/\/camargue-vtc-premium.com\/en\/wp-json\/wp\/v2\/pages"}],"about":[{"href":"https:\/\/camargue-vtc-premium.com\/en\/wp-json\/wp\/v2\/types\/page"}],"author":[{"embeddable":true,"href":"https:\/\/camargue-vtc-premium.com\/en\/wp-json\/wp\/v2\/users\/1"}],"replies":[{"embeddable":true,"href":"https:\/\/camargue-vtc-premium.com\/en\/wp-json\/wp\/v2\/comments?post=248"}],"version-history":[{"count":4,"href":"https:\/\/camargue-vtc-premium.com\/en\/wp-json\/wp\/v2\/pages\/248\/revisions"}],"predecessor-version":[{"id":270,"href":"https:\/\/camargue-vtc-premium.com\/en\/wp-json\/wp\/v2\/pages\/248\/revisions\/270"}],"wp:attachment":[{"href":"https:\/\/camargue-vtc-premium.com\/en\/wp-json\/wp\/v2\/media?parent=248"}],"curies":[{"name":"wp","href":"https:\/\/api.w.org\/{rel}","templated":true}]}}