{"id":254,"date":"2015-10-16T15:21:24","date_gmt":"2015-10-16T14:21:24","guid":{"rendered":"http:\/\/camargue-vtc-premium.com\/en\/tarifs-vtc-camargue-vtc-premium\/"},"modified":"2022-03-03T11:32:36","modified_gmt":"2022-03-03T10:32:36","slug":"tarifs-vtc-camargue-vtc-premium","status":"publish","type":"page","link":"https:\/\/camargue-vtc-premium.com\/en\/tarifs-vtc-camargue-vtc-premium\/","title":{"rendered":"Tarifs VTC &#8211; CAMARGUE VTC Premium"},"content":{"rendered":"","protected":false},"excerpt":{"rendered":"","protected":false},"author":1,"featured_media":0,"parent":0,"menu_order":0,"comment_status":"closed","ping_status":"closed","template":"","meta":[],"yoast_head":"<!-- This site is optimized with the Yoast SEO plugin v15.2.1 - https:\/\/yoast.com\/wordpress\/plugins\/seo\/ -->\n<title>Tarifs VTC - Transport priv\u00e9 de personnes<\/title>\n<meta name=\"description\" content=\"D\u00e9couvrez les tarifs VTC d&#039;un transfert \u00e0 bord de nos voitures haut de gamme... Vous serez surpris et vous laisserez surement tenter par l&#039;exp\u00e9rience !\" \/>\n<meta name=\"robots\" content=\"index, follow, max-snippet:-1, max-image-preview:large, max-video-preview:-1\" \/>\n<link rel=\"canonical\" href=\"https:\/\/camargue-vtc-premium.com\/en\/tarifs-vtc-camargue-vtc-premium\/\" \/>\n<meta property=\"og:locale\" content=\"en_US\" \/>\n<meta property=\"og:type\" content=\"article\" \/>\n<meta property=\"og:title\" content=\"Tarifs VTC - Transport priv\u00e9 de personnes\" \/>\n<meta property=\"og:description\" content=\"D\u00e9couvrez les tarifs VTC d&#039;un transfert \u00e0 bord de nos voitures haut de gamme... Vous serez surpris et vous laisserez surement tenter par l&#039;exp\u00e9rience !\" \/>\n<meta property=\"og:url\" content=\"https:\/\/camargue-vtc-premium.com\/en\/tarifs-vtc-camargue-vtc-premium\/\" \/>\n<meta property=\"og:site_name\" content=\"Camargue VTC Premium\" \/>\n<meta property=\"article:modified_time\" content=\"2022-03-03T10:32:36+00:00\" \/>\n<meta name=\"twitter:card\" content=\"summary\" \/>\n<meta name=\"twitter:label1\" content=\"Written by\">\n\t<meta name=\"twitter:data1\" content=\"PB\">\n<script type=\"application\/ld+json\" class=\"yoast-schema-graph\">{\"@context\":\"https:\/\/schema.org\",\"@graph\":[{\"@type\":\"WebSite\",\"@id\":\"https:\/\/camargue-vtc-premium.com\/#website\",\"url\":\"https:\/\/camargue-vtc-premium.com\/\",\"name\":\"Camargue VTC Premium\",\"description\":\"Location de voiture de luxe avec chauffeur\",\"potentialAction\":[{\"@type\":\"SearchAction\",\"target\":\"https:\/\/camargue-vtc-premium.com\/?s={search_term_string}\",\"query-input\":\"required name=search_term_string\"}],\"inLanguage\":\"en-US\"},{\"@type\":\"WebPage\",\"@id\":\"https:\/\/camargue-vtc-premium.com\/en\/tarifs-vtc-camargue-vtc-premium\/#webpage\",\"url\":\"https:\/\/camargue-vtc-premium.com\/en\/tarifs-vtc-camargue-vtc-premium\/\",\"name\":\"Tarifs VTC - Transport priv\\u00e9 de personnes\",\"isPartOf\":{\"@id\":\"https:\/\/camargue-vtc-premium.com\/#website\"},\"datePublished\":\"2015-10-16T14:21:24+00:00\",\"dateModified\":\"2022-03-03T10:32:36+00:00\",\"description\":\"D\\u00e9couvrez les tarifs VTC d'un transfert \\u00e0 bord de nos voitures haut de gamme... Vous serez surpris et vous laisserez surement tenter par l'exp\\u00e9rience !\",\"inLanguage\":\"en-US\",\"potentialAction\":[{\"@type\":\"ReadAction\",\"target\":[\"https:\/\/camargue-vtc-premium.com\/en\/tarifs-vtc-camargue-vtc-premium\/\"]}]}]}<\/script>\n<!-- \/ Yoast SEO plugin. -->","_links":{"self":[{"href":"https:\/\/camargue-vtc-premium.com\/en\/wp-json\/wp\/v2\/pages\/254"}],"collection":[{"href":"https:\/\/camargue-vtc-premium.com\/en\/wp-json\/wp\/v2\/pages"}],"about":[{"href":"https:\/\/camargue-vtc-premium.com\/en\/wp-json\/wp\/v2\/types\/page"}],"author":[{"embeddable":true,"href":"https:\/\/camargue-vtc-premium.com\/en\/wp-json\/wp\/v2\/users\/1"}],"replies":[{"embeddable":true,"href":"https:\/\/camargue-vtc-premium.com\/en\/wp-json\/wp\/v2\/comments?post=254"}],"version-history":[{"count":3,"href":"https:\/\/camargue-vtc-premium.com\/en\/wp-json\/wp\/v2\/pages\/254\/revisions"}],"predecessor-version":[{"id":282,"href":"https:\/\/camargue-vtc-premium.com\/en\/wp-json\/wp\/v2\/pages\/254\/revisions\/282"}],"wp:attachment":[{"href":"https:\/\/camargue-vtc-premium.com\/en\/wp-json\/wp\/v2\/media?parent=254"}],"curies":[{"name":"wp","href":"https:\/\/api.w.org\/{rel}","templated":true}]}}