{"id":263,"date":"2015-10-16T15:33:25","date_gmt":"2015-10-16T14:33:25","guid":{"rendered":"http:\/\/camargue-vtc-premium.com\/en\/reserver-un-chauffeur-vtc\/"},"modified":"2021-03-05T12:36:06","modified_gmt":"2021-03-05T11:36:06","slug":"reserver-un-chauffeur-vtc","status":"publish","type":"page","link":"https:\/\/camargue-vtc-premium.com\/en\/reserver-un-chauffeur-vtc\/","title":{"rendered":"R\u00e9server un chauffeur VTC"},"content":{"rendered":"<p><img src=\"https:\/\/camargue-vtc-premium.com\/wp-content\/uploads\/elementor\/thumbs\/qualite-tourisme-p3rnmp0ue77tagkl93lu8o0g3ewqmw4bl8rjz4usr2.jpg\" title=\"qualit\u00e9 tourisme\" alt=\"qualit\u00e9 tourisme\" \/><br \/>\n\t\t\t\t\t\t\t\t\t\t<img src=\"https:\/\/camargue-vtc-premium.com\/wp-content\/uploads\/elementor\/thumbs\/Qr-Code-1-p3rohx7tg1yr037mwljn2sbqk8zqcw3ajt09y2jy1a.png\" title=\"Qr Code\" alt=\"Qr Code\" \/>\t\t\t\t\t\t\t\t\t\t\t<\/p>\n<h5><a href=\"https:\/\/questionnaire-qualite-tourisme.fr\/qt160413\">ou rendez-vous sur<br \/>\nhttps:\/\/questionnaire-qualite-tourisme.fr\/qt160413<\/a><\/h5>\n","protected":false},"excerpt":{"rendered":"<p>ou rendez-vous sur https:\/\/questionnaire-qualite-tourisme.fr\/qt160413<\/p>\n","protected":false},"author":1,"featured_media":0,"parent":0,"menu_order":0,"comment_status":"closed","ping_status":"closed","template":"","meta":[],"yoast_head":"<!-- This site is optimized with the Yoast SEO plugin v15.2.1 - https:\/\/yoast.com\/wordpress\/plugins\/seo\/ -->\n<title>R\u00e9server un chauffeur VTC - Camargue VTC Premium<\/title>\n<meta name=\"description\" content=\"R\u00e9server un chauffeur VTC pour un trajet priv\u00e9 ou professionnel dans le Gard, l&#039;H\u00e9rault, le Vaucluse et les Bouches-du-Rh\u00f4ne.\" \/>\n<meta name=\"robots\" content=\"index, follow, max-snippet:-1, max-image-preview:large, max-video-preview:-1\" \/>\n<link rel=\"canonical\" href=\"https:\/\/camargue-vtc-premium.com\/en\/reserver-un-chauffeur-vtc\/\" \/>\n<meta property=\"og:locale\" content=\"en_US\" \/>\n<meta property=\"og:type\" content=\"article\" \/>\n<meta property=\"og:title\" content=\"R\u00e9server un chauffeur VTC - Camargue VTC Premium\" \/>\n<meta property=\"og:description\" content=\"R\u00e9server un chauffeur VTC pour un trajet priv\u00e9 ou professionnel dans le Gard, l&#039;H\u00e9rault, le Vaucluse et les Bouches-du-Rh\u00f4ne.\" \/>\n<meta property=\"og:url\" content=\"https:\/\/camargue-vtc-premium.com\/en\/reserver-un-chauffeur-vtc\/\" \/>\n<meta property=\"og:site_name\" content=\"Camargue VTC Premium\" \/>\n<meta property=\"article:modified_time\" content=\"2021-03-05T11:36:06+00:00\" \/>\n<meta property=\"og:image\" content=\"https:\/\/camargue-vtc-premium.com\/wp-content\/uploads\/elementor\/thumbs\/qualite-tourisme-p3rnmp0ue77tagkl93lu8o0g3ewqmw4bl8rjz4usr2.jpg\" \/>\n<meta name=\"twitter:card\" content=\"summary\" \/>\n<meta name=\"twitter:label1\" content=\"Written by\">\n\t<meta name=\"twitter:data1\" content=\"PB\">\n\t<meta name=\"twitter:label2\" content=\"Est. reading time\">\n\t<meta name=\"twitter:data2\" content=\"0 minutes\">\n<script type=\"application\/ld+json\" class=\"yoast-schema-graph\">{\"@context\":\"https:\/\/schema.org\",\"@graph\":[{\"@type\":\"WebSite\",\"@id\":\"https:\/\/camargue-vtc-premium.com\/#website\",\"url\":\"https:\/\/camargue-vtc-premium.com\/\",\"name\":\"Camargue VTC Premium\",\"description\":\"Location de voiture de luxe avec chauffeur\",\"potentialAction\":[{\"@type\":\"SearchAction\",\"target\":\"https:\/\/camargue-vtc-premium.com\/?s={search_term_string}\",\"query-input\":\"required name=search_term_string\"}],\"inLanguage\":\"en-US\"},{\"@type\":\"ImageObject\",\"@id\":\"https:\/\/camargue-vtc-premium.com\/en\/reserver-un-chauffeur-vtc\/#primaryimage\",\"inLanguage\":\"en-US\",\"url\":\"https:\/\/camargue-vtc-premium.com\/wp-content\/uploads\/elementor\/thumbs\/qualite-tourisme-p3rnmp0ue77tagkl93lu8o0g3ewqmw4bl8rjz4usr2.jpg\"},{\"@type\":\"WebPage\",\"@id\":\"https:\/\/camargue-vtc-premium.com\/en\/reserver-un-chauffeur-vtc\/#webpage\",\"url\":\"https:\/\/camargue-vtc-premium.com\/en\/reserver-un-chauffeur-vtc\/\",\"name\":\"R\\u00e9server un chauffeur VTC - Camargue VTC Premium\",\"isPartOf\":{\"@id\":\"https:\/\/camargue-vtc-premium.com\/#website\"},\"primaryImageOfPage\":{\"@id\":\"https:\/\/camargue-vtc-premium.com\/en\/reserver-un-chauffeur-vtc\/#primaryimage\"},\"datePublished\":\"2015-10-16T14:33:25+00:00\",\"dateModified\":\"2021-03-05T11:36:06+00:00\",\"description\":\"R\\u00e9server un chauffeur VTC pour un trajet priv\\u00e9 ou professionnel dans le Gard, l'H\\u00e9rault, le Vaucluse et les Bouches-du-Rh\\u00f4ne.\",\"inLanguage\":\"en-US\",\"potentialAction\":[{\"@type\":\"ReadAction\",\"target\":[\"https:\/\/camargue-vtc-premium.com\/en\/reserver-un-chauffeur-vtc\/\"]}]}]}<\/script>\n<!-- \/ Yoast SEO plugin. -->","_links":{"self":[{"href":"https:\/\/camargue-vtc-premium.com\/en\/wp-json\/wp\/v2\/pages\/263"}],"collection":[{"href":"https:\/\/camargue-vtc-premium.com\/en\/wp-json\/wp\/v2\/pages"}],"about":[{"href":"https:\/\/camargue-vtc-premium.com\/en\/wp-json\/wp\/v2\/types\/page"}],"author":[{"embeddable":true,"href":"https:\/\/camargue-vtc-premium.com\/en\/wp-json\/wp\/v2\/users\/1"}],"replies":[{"embeddable":true,"href":"https:\/\/camargue-vtc-premium.com\/en\/wp-json\/wp\/v2\/comments?post=263"}],"version-history":[{"count":23,"href":"https:\/\/camargue-vtc-premium.com\/en\/wp-json\/wp\/v2\/pages\/263\/revisions"}],"predecessor-version":[{"id":411,"href":"https:\/\/camargue-vtc-premium.com\/en\/wp-json\/wp\/v2\/pages\/263\/revisions\/411"}],"wp:attachment":[{"href":"https:\/\/camargue-vtc-premium.com\/en\/wp-json\/wp\/v2\/media?parent=263"}],"curies":[{"name":"wp","href":"https:\/\/api.w.org\/{rel}","templated":true}]}}